{"id":12,"date":"2013-12-27T00:05:52","date_gmt":"2013-12-26T15:05:52","guid":{"rendered":"http:\/\/kentarosuzuki.com\/fr\/?page_id=12"},"modified":"2019-05-01T21:38:10","modified_gmt":"2019-05-01T12:38:10","slug":"cv","status":"publish","type":"page","link":"http:\/\/kentarosuzuki.com\/fr\/?page_id=12","title":{"rendered":"CV"},"content":{"rendered":"<p><span style=\"font-size: medium;\"><br \/>\n<span style=\"color: #ff0000;\"><span style=\"text-decoration: underline;\"><strong>Kentaro SUZUKI<\/strong><\/span><\/span><\/span><br \/>\n<span style=\"font-size: medium;\">contrebassiste &amp; bassiste \/compositeur\/arrangeur<br \/>\nN\u00e9 \u00e0 Tokyo, Japon en 1973.<\/span><\/p>\n<p><strong><span style=\"text-decoration: underline;\">Exp\u00e9rience professionnelle<br \/>\n<\/span> <\/strong>Exp\u00e9rimentation musicale vari\u00e9e: jazz, rock, pop,contemporaine,improvisation, classique, etc&#8230;Collaboration \u00e0 des projets artistiques divers: spectacles vivants, lectures, arts martiaux, films,expositions [peinture, sculpture&#8230;]<\/p>\n<p>2019<br \/>\n&gt;Cr\u00e9ation du label sur ligne [KOKU]<\/p>\n<p>2018<br \/>\n&gt;Projet personnel concerts \u00e0 Paris<br \/>\n&gt;Cr\u00e9ation de la musique pour l&rsquo;\u00e9v\u00e9nment de TOKYO par ville de TOKYO \u00e0 Paris<\/p>\n<p>2017<br \/>\n&gt;Projet personnel en trio, concerts \u00e0 Paris<br \/>\n&gt; Projet personnel de Jazz tourn\u00e9e au Japon et donner des atelier de \u201ctechnique physique\u201d pour les instrument \u00e0 cordes, et atelier de l&rsquo;improvisation pour tous les instruments.<br \/>\n&gt; Membre de trio de Ida Heidel [ flutiste norvegienne]<br \/>\n&gt;Cr\u00e9ation de la musique pour le film [ The Dream Manipulator MUGEN] par Misako UNAKAMI<\/p>\n<p>2016<br \/>\n&gt;Projet personnel en solo et duo, concerts \u00e0 Paris<br \/>\n&gt; Tourn\u00e9e au Japon avec Nicolas PARENT Trio<br \/>\n&gt; Musique pour l&rsquo;exposition\/spectacle \u201cVibration et Lumi\u00e8re\u201d par Takeshi SUMI<br \/>\n&gt; Musique pour \u201cSpooning camp\u201d et KIJI-BUIL JACK\u201d (les spectacles de la danse contemporaine, Yoshiko CHUMA : mise en sc\u00e8ne)<\/p>\n<p>2015<br \/>\n&gt;Projet personnel en solo et duo, concerts \u00e0 Paris<br \/>\n&gt;Interpr\u00e9tation avec Ensemble Baroque de Toulouse(Musique Baroque)<\/p>\n<p>2014<br \/>\n&gt;Projet personnel en solo et duo, concerts \u00e0 Paris et r\u00e9gion parisienne<br \/>\n&gt;Soliste invit\u00e9 pour les soir\u00e9es de la musique improvis\u00e9e<br \/>\n&gt;Interpr\u00e9tation avec Ensemble Baroque de Toulouse(Musique Baroque)<\/p>\n<p>2013<br \/>\n&gt;Membre de Nicolas Parent Trio(Jazz)<br \/>\n&gt;Projet personnel de Jazz alternatif concerts \u00e0 Paris et r\u00e9gion parisienne et tourn\u00e9e au Japon<br \/>\n&gt;Interpr\u00e9tation avec Ensemble Baroque de Toulouse\uff08Musique\u3000Baroque\uff09<br \/>\n&gt;enseignant\u00a0rempla\u00e7ant de contrebasse classique au conservatoire de Vernon<br \/>\n&gt;enseignant rempla\u00e7ant de contrebasse au conservatoire d&rsquo;Evreux<\/p>\n<p>2012<br \/>\n&gt; Interpr\u00e9tation pour le programme th\u00e9\u00e2tral du Renne des neiges jou\u00e9 par Llum Teatre(Joan Mompart:mise en sc\u00e8ne)<br \/>\n&gt;Petite tourn\u00e9e \u00e0 l&rsquo;australie et nouvelle-cal\u00e9donie avec LouLouDjine(musique du monde origine ex-Yougoslavie)<br \/>\n&gt;Projet personnel de Jazz alternatif concerts \u00e0 Paris et tourn\u00e9e au Japon<\/p>\n<p>2011<br \/>\n&gt;Membre de Minjung Lee Quartette(Jazz Cor\u00e9en)<br \/>\n&gt;Petite tourn\u00e9e a la Suisse avec LouLouDjine(musique du monde origine ex-Yougoslavie)<br \/>\n&gt;Interpr\u00e9tation avec Ensemble Baroque de Toulouse\uff08Musique\u3000Baroque\uff09<br \/>\n&gt;Interpr\u00e9tation avec Ensemble Les Caract\u00e8res pour Polifonia Eliane Lavail\uff08Musique\u3000Baroque\uff09<br \/>\n&gt;Projet personnel de Jazz alternatif concerts \u00e0 Paris et r\u00e9gion parisienne et tourn\u00e9e au Japon<\/p>\n<p>2010<br \/>\n&gt;Membre de Barry Jones(World folk),<br \/>\n&gt;Membre de Smac Taki(musique du monde origine am\u00e9rique latine)<br \/>\n&gt;Tourn\u00e9e a la Serbie et Croatie avec LouLouDjine(musique du monde origine ex-Yougoslavie)<br \/>\n&gt;Interpr\u00e9tation avec Ensemble Baroque de Toulouse<br \/>\n&gt;Projet personnel de Jazz alternatif concerts \u00e0 Paris et r\u00e9gion parisienne<\/p>\n<p>2009<br \/>\n&gt;Projet Espira(projet personnel de Jazz alternatif)concerts \u00e0 Paris et r\u00e9gion parisienne<br \/>\n&gt;Membre de LouLouDjine(musique du monde origine ex-Yougoslavie)et tourn\u00e9e a la Serbie,Croatie et Slov\u00e9nie<\/p>\n<p>2008<br \/>\n&gt;Collaboration au spectacle de danse [noon dance performance TRIP] de la danseuse-chor\u00e9graphe Eri Matsuzaki<br \/>\n&gt;Tourn\u00e9e au Japon avec plusieurs groupes de musique<br \/>\n&gt;Cr\u00e9ation du label [GrandMar\u00e9e]<\/p>\n<p>2007<br \/>\n&gt;Compositeur et interpr\u00e8te pour le programme th\u00e9\u00e2tral du Chat d\u2019Eau [\u00e9crit par Haruki Amanuma] jou\u00e9 par Kazunori Abe [ex-Ku\u00b4Nauka]<\/p>\n<p>2006<br \/>\n&gt;Compositeur et interpr\u00e8te avec le th\u00e9\u00e2tre Garasi [Centre de cr\u00e9ation th\u00e9atrale d\u2019Indon\u00e9sie] et la compagnie th\u00e9\u00e2trale du Japon Ku\u00b4nauka pour Mnemosyne<br \/>\n&gt;Compositeur de la musique du film [Yume Jyu-Ya\/ \u00e9crit par Soseki Natsume\/R\u00e9alisateur:Ruri Masumoto]<\/p>\n<p>2004&amp;5<br \/>\n&gt;Directeur Musical et contrebassiste pour [Kawasaki Contemporary Sculpture Exhibition](Exposition de sculptures contemporaines)<\/p>\n<p>2000<br \/>\n&gt;Compositeur de la musique du film [kieta-namida-nara-ten-ni] par Mika Hashimoto=Prix d\u2019encouragement du Festival des m\u00e9dia artistiques du Japon \u2013 Minist\u00e8re des Affaires Culturelles.<\/p>\n<p>1993<br \/>\n&gt;D\u00e9but de carri\u00e8re comme membre de All Japan Jazz Disciples<\/p>\n<p><span style=\"text-decoration: underline;\"><strong>Discographie<br \/>\n<\/strong> <\/span><br \/>\n2019<br \/>\n[Travellers] Elacosm<br \/>\n[For \u00ab\u00a0The First Night\u00a0\u00bb By S\u014dseki Natsume] Kentaro SUZUKI<br \/>\n[Mirage] Nicolas Parent Trio<br \/>\n2018<br \/>\n[images] Taca<br \/>\n2017<br \/>\n[40] Taca<br \/>\n2016<br \/>\n[Metamorphonie] Kentaro SUZUKI<br \/>\n2015<br \/>\n[Towa No Hikari] aco+taca<br \/>\n[Tori] Nicolas Parent Trio<br \/>\n[Improvisation&#8230;A primitive Language For Our Inner Voyage] Kentaro SUZUKI Solo<br \/>\n2014<br \/>\n[Turquoise]Minjung Lee Quartet<br \/>\n2013<br \/>\n[Vmaj7]David Federmann<br \/>\n[The shape of silent fantasy]Otoms<br \/>\n2012<br \/>\n[Cosmos polyphonic]Otoms<br \/>\n[Ya-Wa]Kentaro SUZUKI<br \/>\n2011<br \/>\n[Otoms]Otoms<br \/>\n[\u81ea\u5df1\u77db\u76fe\u306e\u65e5\u3005:The Days of self-contradicion]Espira<br \/>\n2010<br \/>\n[Comment On Y Va?]Espira<br \/>\n[Ballooning Sound]Riko GOTO Trio<br \/>\n2009<br \/>\n[les fleurs flottent au temps]Espira<br \/>\n[la route de la soie]Taca Shimizu Samurai3<br \/>\n2008<br \/>\n[Journey with the great calls]Espira<br \/>\n[le pendule du voyageur]Riko Goto Trio<br \/>\n[Kaze no tani]Taca Shimizu Samurai3<br \/>\n[Jazz Headed]Lena Circus<br \/>\n2006<br \/>\n[Espira]Espira<br \/>\n2003<br \/>\n[After Image]Haruinu Band<br \/>\n2001<br \/>\n[To-oi Kuni]Haruinu Band<br \/>\n2000<br \/>\n[Loose]Do-shin-sucharaka<br \/>\n1999<br \/>\n[Haru to Inu Jyu-ni -gatugou]Haruinu Band<br \/>\n[Ska Pon Tan]Do-shin-sucharaka<\/p>\n<p><strong><span style=\"text-decoration: underline;\">Prix<br \/>\n<\/span> <\/strong>2000<br \/>\n1er prix d\u2019interpr\u00e9tation de la comp\u00e9tition du [Tokyo Hot Indies]<\/p>\n<p><strong><span style=\"text-decoration: underline;\">Formation<br \/>\n<\/span> <\/strong><br \/>\n2010-2015<br \/>\nCours de contrebasse et musique classique-P\u00f4le d&rsquo;enseignement sup\u00e9rieur de la musique Seine-Saint-Denis-\u00cele-de-France<br \/>\n2009-2010<br \/>\nCours de musique ancienne-CRR Aubervillers &#8211; La Courneuve<br \/>\n2007-2009<br \/>\nCours de perfectionnement de contrebasse -CRR Aubervillers &#8211; La Courneuve<br \/>\n2007<br \/>\nDipl\u00f4me de l\u2019Ecole Nationale de Musique et Danse Montreuil [m\u00e9daille d&rsquo;or]<br \/>\n2006<br \/>\nCours priv\u00e9s avec Fran\u00e7ois Rabbath<br \/>\n1993<br \/>\nDipl\u00f4me de l\u2019Ecole de musique Musashino<br \/>\n1992-1999<br \/>\nCursus priv\u00e9s avec Tatsuya Ampo[New Japan Philharmonic Orchestra]<br \/>\n1985<br \/>\nApprentissage de la basse \u00e9lectrique<br \/>\n1978<br \/>\nApprentissage du piano<\/p>\n","protected":false},"excerpt":{"rendered":"<p>Kentaro SUZUKI contrebassiste &amp; bassiste \/compositeur\/arrangeur N\u00e9 \u00e0 Tokyo, Japon en 1973. Exp\u00e9rience professionnelle Exp\u00e9rimentation musicale vari\u00e9e: jazz, rock, pop,contemporaine,improvisation, classique, etc&#8230;Collaboration \u00e0 des projets artistiques divers: spectacles vivants, lectures, arts martiaux, films,expositions [peinture, sculpture&#8230;] 2019 &gt;Cr\u00e9ation du label sur ligne [KOKU] 2018 &gt;Projet personnel concerts \u00e0 Paris &gt;Cr\u00e9ation de la musique pour l&rsquo;\u00e9v\u00e9nment de TOKYO par ville de TOKYO \u00e0 Paris 2017 &gt;Projet personnel en trio, concerts \u00e0 Paris &gt; Projet personnel de Jazz tourn\u00e9e au Japon et donner des atelier de \u201ctechnique physique\u201d pour les instrument \u00e0 cordes, et atelier de l&rsquo;improvisation pour tous les instruments. &gt; Membre de trio de Ida Heidel [ flutiste norvegienne] &gt;Cr\u00e9ation de<\/p>\n","protected":false},"author":1,"featured_media":0,"parent":0,"menu_order":1,"comment_status":"open","ping_status":"closed","template":"","meta":{"footnotes":""},"class_list":["post-12","page","type-page","status-publish","hentry"],"aioseo_notices":[],"_links":{"self":[{"href":"http:\/\/kentarosuzuki.com\/fr\/index.php?rest_route=\/wp\/v2\/pages\/12","targetHints":{"allow":["GET"]}}],"collection":[{"href":"http:\/\/kentarosuzuki.com\/fr\/index.php?rest_route=\/wp\/v2\/pages"}],"about":[{"href":"http:\/\/kentarosuzuki.com\/fr\/index.php?rest_route=\/wp\/v2\/types\/page"}],"author":[{"embeddable":true,"href":"http:\/\/kentarosuzuki.com\/fr\/index.php?rest_route=\/wp\/v2\/users\/1"}],"replies":[{"embeddable":true,"href":"http:\/\/kentarosuzuki.com\/fr\/index.php?rest_route=%2Fwp%2Fv2%2Fcomments&post=12"}],"version-history":[{"count":8,"href":"http:\/\/kentarosuzuki.com\/fr\/index.php?rest_route=\/wp\/v2\/pages\/12\/revisions"}],"predecessor-version":[{"id":634,"href":"http:\/\/kentarosuzuki.com\/fr\/index.php?rest_route=\/wp\/v2\/pages\/12\/revisions\/634"}],"wp:attachment":[{"href":"http:\/\/kentarosuzuki.com\/fr\/index.php?rest_route=%2Fwp%2Fv2%2Fmedia&parent=12"}],"curies":[{"name":"wp","href":"https:\/\/api.w.org\/{rel}","templated":true}]}}