{"id":576,"date":"2019-04-24T19:56:17","date_gmt":"2019-04-24T10:56:17","guid":{"rendered":"http:\/\/kentarosuzuki.com\/fr\/?page_id=576"},"modified":"2019-12-13T20:58:26","modified_gmt":"2019-12-13T11:58:26","slug":"elacosm","status":"publish","type":"page","link":"http:\/\/kentarosuzuki.com\/fr\/?page_id=576","title":{"rendered":"Elacosm"},"content":{"rendered":"<p><span style=\"font-size: x-large;\"><strong>\u00e0 Propos de \u00ab\u00a0Elacosm\u00a0\u00bb<\/strong><\/span><\/p>\n<p>En premier lieu, Kentaro SUZUKI est un contrebassiste et Kozo<br \/>\nKOMORI est un batteur. Nous utilisons la technologie num\u00e9rique pour<br \/>\nmoduler les sons de ses propre instruments pour avoir plus de<br \/>\npossibilit\u00e9s pour le timbre sonore en enrichissant les spectre du son,<br \/>\npour faire appara\u00eetre les m\u00e9taphores de l&rsquo;espace imaginaire par la<br \/>\nspatialisation sonore et \u00e9galement pour d\u00e9couvrir autres sensations<br \/>\ndu temps.<\/p>\n<p>C&rsquo;est un projet de l&rsquo;art sonore pour faire appara\u00eetre l\u2019univers primitive,<br \/>\nsynesth\u00e9sique et m\u00e9ditative par les sons acoustiques modul\u00e9s par la<br \/>\ntechnologie num\u00e9rique comme \u00ab Live Electronics \u00bb.<\/p>\n<p><span style=\"font-size: x-large;\"><strong>Album<\/strong><\/span><\/p>\n<p><a href=\"http:\/\/kentarosuzuki.com\/fr\/?page_id=578\" rel=\"noopener noreferrer\"><img loading=\"lazy\" decoding=\"async\" class=\"size-full wp-image-2670 alignnone\" src=\"http:\/\/kentarosuzuki.com\/wp-content\/uploads\/Elacosm-smallsize.jpg\" alt=\"\" width=\"160\" height=\"160\" \/><\/a><br \/>\n<a href=\"http:\/\/kentarosuzuki.com\/fr\/?page_id=578\">\u00ab\u00a0Travellers\u00a0\u00bb<\/a><\/p>\n<p><span style=\"font-size: x-large;\"><strong>\u2193Articles connexes\u2193<\/strong><\/span><br \/>\n<div class=\"feedzy-3bf28a17ce1c0cb88b3b7966dc726ec6 feedzy-rss\"><ul>Feed has no items.<\/ul> <\/div><\/p>\n<p><a href=\"http:\/\/kentarosuzuki.com\/blog\/tag\/elacosm\/\" target=\"_blank\" rel=\"noopener noreferrer\">&#8230;Plus des postes&#8230;<\/a><\/p>\n","protected":false},"excerpt":{"rendered":"<p>\u00e0 Propos de \u00ab\u00a0Elacosm\u00a0\u00bb En premier lieu, Kentaro SUZUKI est un contrebassiste et Kozo KOMORI est un batteur. Nous utilisons la technologie num\u00e9rique pour moduler les sons de ses propre instruments pour avoir plus de possibilit\u00e9s pour le timbre sonore en enrichissant les spectre du son, pour faire appara\u00eetre les m\u00e9taphores de l&rsquo;espace imaginaire par la spatialisation sonore et \u00e9galement pour d\u00e9couvrir autres sensations du temps. C&rsquo;est un projet de l&rsquo;art sonore pour faire appara\u00eetre l\u2019univers primitive, synesth\u00e9sique et m\u00e9ditative par les sons acoustiques modul\u00e9s par la technologie num\u00e9rique comme \u00ab Live Electronics \u00bb. Album \u00ab\u00a0Travellers\u00a0\u00bb \u2193Articles connexes\u2193 &#8230;Plus des postes&#8230;<\/p>\n","protected":false},"author":1,"featured_media":0,"parent":21,"menu_order":0,"comment_status":"closed","ping_status":"closed","template":"","meta":{"footnotes":""},"class_list":["post-576","page","type-page","status-publish","hentry"],"aioseo_notices":[],"_links":{"self":[{"href":"http:\/\/kentarosuzuki.com\/fr\/index.php?rest_route=\/wp\/v2\/pages\/576","targetHints":{"allow":["GET"]}}],"collection":[{"href":"http:\/\/kentarosuzuki.com\/fr\/index.php?rest_route=\/wp\/v2\/pages"}],"about":[{"href":"http:\/\/kentarosuzuki.com\/fr\/index.php?rest_route=\/wp\/v2\/types\/page"}],"author":[{"embeddable":true,"href":"http:\/\/kentarosuzuki.com\/fr\/index.php?rest_route=\/wp\/v2\/users\/1"}],"replies":[{"embeddable":true,"href":"http:\/\/kentarosuzuki.com\/fr\/index.php?rest_route=%2Fwp%2Fv2%2Fcomments&post=576"}],"version-history":[{"count":24,"href":"http:\/\/kentarosuzuki.com\/fr\/index.php?rest_route=\/wp\/v2\/pages\/576\/revisions"}],"predecessor-version":[{"id":728,"href":"http:\/\/kentarosuzuki.com\/fr\/index.php?rest_route=\/wp\/v2\/pages\/576\/revisions\/728"}],"up":[{"embeddable":true,"href":"http:\/\/kentarosuzuki.com\/fr\/index.php?rest_route=\/wp\/v2\/pages\/21"}],"wp:attachment":[{"href":"http:\/\/kentarosuzuki.com\/fr\/index.php?rest_route=%2Fwp%2Fv2%2Fmedia&parent=576"}],"curies":[{"name":"wp","href":"https:\/\/api.w.org\/{rel}","templated":true}]}}