{"id":738,"date":"2020-02-18T21:57:58","date_gmt":"2020-02-18T12:57:58","guid":{"rendered":"http:\/\/kentarosuzuki.com\/fr\/?page_id=738"},"modified":"2022-03-08T22:56:12","modified_gmt":"2022-03-08T13:56:12","slug":"a-propos-de-mon-cours","status":"publish","type":"page","link":"http:\/\/kentarosuzuki.com\/fr\/?page_id=738","title":{"rendered":"Cours de contrebasse, electric upright bass et improvistaion"},"content":{"rendered":"<p>Cours de contrebasse, contrebasse-\u00e9lectrique (Electric Upright Bass), improvistaion (pour toutes les instruments), \u00e0 domicile en \u00eels-de-france.<br \/>\n(jeu en pizz, \u00e0 l&rsquo;arche et technique g\u00e9n\u00e9rale , accompagnement, solo, improvisation, composition, solfage, rhythme, harmonie)<\/p>\n<p>La cr\u00e9ativit\u00e9 rend le coeur joyeux, Partager cette exp\u00e9rience agr\u00e9able&#8230; C&rsquo;est l&rsquo;objectif de mon cours.<br \/>\nAlors&#8230;<br \/>\nCours adapt\u00e9 aux gouts de l&rsquo;\u00e9l\u00e8ve + suivi p\u00e9dagogique (je vais cr\u00e9er les m\u00e9thodes pour adapter le caract\u00e8re et l&rsquo;envie de chaque \u00e9l\u00e8ve)<\/p>\n<p>Tout age et niveau bienvenus<\/p>\n<p>Tarifs :<br \/>\nLes cours \u00e0 domicile sont \u00e0 25\u20ac\/h + Frais de d\u00e9placement (dans paris\/10\u20ac, dehors de paris\/20\u20ac )<br \/>\nLes cours \u00e0 mon domicile sont \u00e0 25\u20ac\/h<\/p>\n<p>N&rsquo;h\u00e9sitez pas \u00e0 me contacter par la formule en-dessous<\/p>\n<p>blog : <a href=\"http:\/\/kentarosuzuki.com\/blog\/\" target=\"_blank\" rel=\"noopener noreferrer\">http:\/\/kentarosuzuki.com\/blog\/<\/a><\/p>\n<p>Ma premi\u00e8re cha\u00eene YouTube\u00a0:\u00a0<a href=\"https:\/\/www.youtube.com\/channel\/UCYooVk8HvRSiZHwpmRYtN5A\" target=\"_blank\" rel=\"nofollow noopener noreferrer\">youtube.com\/channel\/UCYooVk8HvRSiZHwpmRYtN5A<\/a><\/p>\n<p>Ma deuxi\u00e8me cha\u00eene youtube \u2019Kentaro SUZUKI \/ Contrebasse et Musique\u2019<br \/>\n<a href=\"https:\/\/www.youtube.com\/channel\/UCY1x2rKDWYvRpJWHWJE_TIA\" target=\"_blank\" rel=\"nofollow noopener noreferrer\">youtube.com\/channel\/UCY1x2rKDWYvRpJWHWJE_TIA<\/a><\/p>\n\n<div class=\"wpcf7 no-js\" id=\"wpcf7-f285-o1\" lang=\"fr-FR\" dir=\"ltr\" data-wpcf7-id=\"285\">\n<div class=\"screen-reader-response\"><p role=\"status\" aria-live=\"polite\" aria-atomic=\"true\"><\/p> <ul><\/ul><\/div>\n<form action=\"\/fr\/index.php?rest_route=%2Fwp%2Fv2%2Fpages%2F738#wpcf7-f285-o1\" method=\"post\" class=\"wpcf7-form init\" aria-label=\"Formulaire de contact\" novalidate=\"novalidate\" data-status=\"init\">\n<fieldset class=\"hidden-fields-container\"><input type=\"hidden\" name=\"_wpcf7\" value=\"285\" \/><input type=\"hidden\" name=\"_wpcf7_version\" value=\"6.1.1\" \/><input type=\"hidden\" name=\"_wpcf7_locale\" value=\"fr_FR\" \/><input type=\"hidden\" name=\"_wpcf7_unit_tag\" value=\"wpcf7-f285-o1\" \/><input type=\"hidden\" name=\"_wpcf7_container_post\" value=\"0\" \/><input type=\"hidden\" name=\"_wpcf7_posted_data_hash\" value=\"\" \/>\n<\/fieldset>\n<p>Votre nom (obligatoire)\n<\/p>\n<p><span class=\"wpcf7-form-control-wrap\" data-name=\"your-name\"><input size=\"40\" maxlength=\"400\" class=\"wpcf7-form-control wpcf7-text wpcf7-validates-as-required\" aria-required=\"true\" aria-invalid=\"false\" value=\"\" type=\"text\" name=\"your-name\" \/><\/span>\n<\/p>\n<p>Votre email (obligatoire)\n<\/p>\n<p><span class=\"wpcf7-form-control-wrap\" data-name=\"your-email\"><input size=\"40\" maxlength=\"400\" class=\"wpcf7-form-control wpcf7-email wpcf7-validates-as-required wpcf7-text wpcf7-validates-as-email\" aria-required=\"true\" aria-invalid=\"false\" value=\"\" type=\"email\" name=\"your-email\" \/><\/span>\n<\/p>\n<p>Sujet\n<\/p>\n<p><span class=\"wpcf7-form-control-wrap\" data-name=\"your-subject\"><input size=\"40\" maxlength=\"400\" class=\"wpcf7-form-control wpcf7-text\" aria-invalid=\"false\" value=\"\" type=\"text\" name=\"your-subject\" \/><\/span>\n<\/p>\n<p>Votre message\n<\/p>\n<p><span class=\"wpcf7-form-control-wrap\" data-name=\"your-message\"><textarea cols=\"40\" rows=\"10\" maxlength=\"2000\" class=\"wpcf7-form-control wpcf7-textarea\" aria-invalid=\"false\" name=\"your-message\"><\/textarea><\/span>\n<\/p>\n<p><input class=\"wpcf7-form-control wpcf7-submit has-spinner\" type=\"submit\" value=\"Envoyer\" \/>\n<\/p><p style=\"display: none !important;\" class=\"akismet-fields-container\" data-prefix=\"_wpcf7_ak_\"><label>&#916;<textarea name=\"_wpcf7_ak_hp_textarea\" cols=\"45\" rows=\"8\" maxlength=\"100\"><\/textarea><\/label><input type=\"hidden\" id=\"ak_js_1\" name=\"_wpcf7_ak_js\" value=\"26\"\/><script>document.getElementById( \"ak_js_1\" ).setAttribute( \"value\", ( new Date() ).getTime() );<\/script><\/p><div class=\"wpcf7-response-output\" aria-hidden=\"true\"><\/div>\n<\/form>\n<\/div>\n\n","protected":false},"excerpt":{"rendered":"<p>Cours de contrebasse, contrebasse-\u00e9lectrique (Electric Upright Bass), improvistaion (pour toutes les instruments), \u00e0 domicile en \u00eels-de-france. (jeu en pizz, \u00e0 l&rsquo;arche et technique g\u00e9n\u00e9rale , accompagnement, solo, improvisation, composition, solfage, rhythme, harmonie) La cr\u00e9ativit\u00e9 rend le coeur joyeux, Partager cette exp\u00e9rience agr\u00e9able&#8230; C&rsquo;est l&rsquo;objectif de mon cours. Alors&#8230; Cours adapt\u00e9 aux gouts de l&rsquo;\u00e9l\u00e8ve + suivi p\u00e9dagogique (je vais cr\u00e9er les m\u00e9thodes pour adapter le caract\u00e8re et l&rsquo;envie de chaque \u00e9l\u00e8ve) Tout age et niveau bienvenus Tarifs : Les cours \u00e0 domicile sont \u00e0 25\u20ac\/h + Frais de d\u00e9placement (dans paris\/10\u20ac, dehors de paris\/20\u20ac ) Les cours \u00e0 mon domicile sont \u00e0 25\u20ac\/h N&rsquo;h\u00e9sitez pas \u00e0 me contacter par la<\/p>\n","protected":false},"author":1,"featured_media":0,"parent":828,"menu_order":0,"comment_status":"closed","ping_status":"closed","template":"","meta":{"footnotes":""},"class_list":["post-738","page","type-page","status-publish","hentry"],"aioseo_notices":[],"_links":{"self":[{"href":"http:\/\/kentarosuzuki.com\/fr\/index.php?rest_route=\/wp\/v2\/pages\/738","targetHints":{"allow":["GET"]}}],"collection":[{"href":"http:\/\/kentarosuzuki.com\/fr\/index.php?rest_route=\/wp\/v2\/pages"}],"about":[{"href":"http:\/\/kentarosuzuki.com\/fr\/index.php?rest_route=\/wp\/v2\/types\/page"}],"author":[{"embeddable":true,"href":"http:\/\/kentarosuzuki.com\/fr\/index.php?rest_route=\/wp\/v2\/users\/1"}],"replies":[{"embeddable":true,"href":"http:\/\/kentarosuzuki.com\/fr\/index.php?rest_route=%2Fwp%2Fv2%2Fcomments&post=738"}],"version-history":[{"count":8,"href":"http:\/\/kentarosuzuki.com\/fr\/index.php?rest_route=\/wp\/v2\/pages\/738\/revisions"}],"predecessor-version":[{"id":835,"href":"http:\/\/kentarosuzuki.com\/fr\/index.php?rest_route=\/wp\/v2\/pages\/738\/revisions\/835"}],"up":[{"embeddable":true,"href":"http:\/\/kentarosuzuki.com\/fr\/index.php?rest_route=\/wp\/v2\/pages\/828"}],"wp:attachment":[{"href":"http:\/\/kentarosuzuki.com\/fr\/index.php?rest_route=%2Fwp%2Fv2%2Fmedia&parent=738"}],"curies":[{"name":"wp","href":"https:\/\/api.w.org\/{rel}","templated":true}]}}