{"id":851,"date":"2022-03-10T18:43:22","date_gmt":"2022-03-10T09:43:22","guid":{"rendered":"http:\/\/kentarosuzuki.com\/fr\/?page_id=851"},"modified":"2022-03-10T18:46:12","modified_gmt":"2022-03-10T09:46:12","slug":"lenregistrement-a-distance-remote-recording","status":"publish","type":"page","link":"http:\/\/kentarosuzuki.com\/fr\/?page_id=851","title":{"rendered":"l&rsquo;enregistrement \u00e0 distance ( Remote recording)"},"content":{"rendered":"<p>Le son de la contrebasse donnera \u00e0 votre musique une nouvelle dimension d&rsquo;une mani\u00e8re unique. Des sons et des textures riches peuvent \u00eatre ajout\u00e9s \u00e0 votre morceau.<br \/>\nJe vais devenir votre contrebassiste pour votre oeuvre par ce service de l&rsquo;enregistrement \u00e0 distance.<\/p>\n<p>Voici comment cela fonctionne.<\/p>\n<p>Vous m&rsquo;envoyez des fichiers WAV de la musique (id\u00e9alement, des stems st\u00e9r\u00e9o s\u00e9par\u00e9s des principaux instruments &#8211; batterie, basse, guitares, claviers, voix, etc.) ainsi que le \u00ab\u00a0Lead Sheet\u00a0\u00bb ou\/et la \u00ab\u00a0Grille d\u00a0\u00bbaccords\u00a0\u00bb  ou\/et le fichier \u00ab\u00a0MIDI\u00a0\u00bb.<br \/>\nEt des partitions et\/ou des fichiers WAV et\/ou MIDI comme esquisses pour la partie de contrebasse si vous avez d\u00e9j\u00e0 quelques id\u00e9es.<\/p>\n<p>Et nous discutons des id\u00e9es sur Skype ou Zoom ou Facebook si n\u00e9cessaire. La communication est la cl\u00e9 de notre succ\u00e8s. Je serai r\u00e9actif et ouvert d&rsquo;esprit tout au long du processus, en me concentrant enti\u00e8rement sur le fait de vous donner ce dont vous avez besoin pour votre musique.<\/p>\n<p>Je vous enverrai une version mp3 pour faire vous entendre si il y a n\u00e9cessit\u00e9 aux modifications.<br \/>\nSi vous serez satisfait de ce Mp3, je vous enverrai le fichier Wav d\u00e9finitif imm\u00e9diatement apr\u00e8s la r\u00e9ception de votre paiement.<\/p>\n<p>Le tarif de ce service serait n\u00e9goci\u00e9 \u00e0 l&rsquo;avance et je demande un acompte de 50% avant le d\u00e9but du processus de cr\u00e9ation et le reste \u00e0 la fin du processus avant envoyer le fichier Wav.<\/p>\n<p>Le tarif est discut\u00e9 au cas par cas, cela  d\u00e9pend  du style, de la longueur, de la formation de la musique, de la quantit\u00e9 de morceaux et du budget global. Nous parviendrons \u00e0 un prix qui nous conviendra \u00e0 tous les deux.<\/p>\n<p>Je suis impatient de rencontrer votre musique et  serais ravi d&rsquo;entendre votre projet !!<br \/>\nN&rsquo;h\u00e9sitez pas \u00e0 m&rsquo;envoyer un message ci-dessous pour entrer en contact.<\/p>\n<p>Sinc\u00e8rement v\u00f4tre<br \/>\nKentaro SUZUKI<\/p>\n<p>blog : <a href=\"http:\/\/kentarosuzuki.com\/blog\/\" target=\"_blank\" rel=\"noopener noreferrer\">http:\/\/kentarosuzuki.com\/blog\/<\/a><\/p>\n<p>Ma premi\u00e8re cha\u00eene YouTube\u00a0:\u00a0<a href=\"https:\/\/www.youtube.com\/channel\/UCYooVk8HvRSiZHwpmRYtN5A\" target=\"_blank\" rel=\"nofollow noopener noreferrer\">youtube.com\/channel\/UCYooVk8HvRSiZHwpmRYtN5A<\/a><\/p>\n<p>Ma deuxi\u00e8me cha\u00eene youtube \u2019Kentaro SUZUKI \/ Contrebasse et Musique\u2019<br \/>\n<a href=\"https:\/\/www.youtube.com\/channel\/UCY1x2rKDWYvRpJWHWJE_TIA\" target=\"_blank\" rel=\"nofollow noopener noreferrer\">youtube.com\/channel\/UCY1x2rKDWYvRpJWHWJE_TIA<\/a><\/p>\n\n<div class=\"wpcf7 no-js\" id=\"wpcf7-f285-o1\" lang=\"fr-FR\" dir=\"ltr\" data-wpcf7-id=\"285\">\n<div class=\"screen-reader-response\"><p role=\"status\" aria-live=\"polite\" aria-atomic=\"true\"><\/p> <ul><\/ul><\/div>\n<form action=\"\/fr\/index.php?rest_route=%2Fwp%2Fv2%2Fpages%2F851#wpcf7-f285-o1\" method=\"post\" class=\"wpcf7-form init\" aria-label=\"Formulaire de contact\" novalidate=\"novalidate\" data-status=\"init\">\n<fieldset class=\"hidden-fields-container\"><input type=\"hidden\" name=\"_wpcf7\" value=\"285\" \/><input type=\"hidden\" name=\"_wpcf7_version\" value=\"6.1.1\" \/><input type=\"hidden\" name=\"_wpcf7_locale\" value=\"fr_FR\" \/><input type=\"hidden\" name=\"_wpcf7_unit_tag\" value=\"wpcf7-f285-o1\" \/><input type=\"hidden\" name=\"_wpcf7_container_post\" value=\"0\" \/><input type=\"hidden\" name=\"_wpcf7_posted_data_hash\" value=\"\" \/>\n<\/fieldset>\n<p>Votre nom (obligatoire)\n<\/p>\n<p><span class=\"wpcf7-form-control-wrap\" data-name=\"your-name\"><input size=\"40\" maxlength=\"400\" class=\"wpcf7-form-control wpcf7-text wpcf7-validates-as-required\" aria-required=\"true\" aria-invalid=\"false\" value=\"\" type=\"text\" name=\"your-name\" \/><\/span>\n<\/p>\n<p>Votre email (obligatoire)\n<\/p>\n<p><span class=\"wpcf7-form-control-wrap\" data-name=\"your-email\"><input size=\"40\" maxlength=\"400\" class=\"wpcf7-form-control wpcf7-email wpcf7-validates-as-required wpcf7-text wpcf7-validates-as-email\" aria-required=\"true\" aria-invalid=\"false\" value=\"\" type=\"email\" name=\"your-email\" \/><\/span>\n<\/p>\n<p>Sujet\n<\/p>\n<p><span class=\"wpcf7-form-control-wrap\" data-name=\"your-subject\"><input size=\"40\" maxlength=\"400\" class=\"wpcf7-form-control wpcf7-text\" aria-invalid=\"false\" value=\"\" type=\"text\" name=\"your-subject\" \/><\/span>\n<\/p>\n<p>Votre message\n<\/p>\n<p><span class=\"wpcf7-form-control-wrap\" data-name=\"your-message\"><textarea cols=\"40\" rows=\"10\" maxlength=\"2000\" class=\"wpcf7-form-control wpcf7-textarea\" aria-invalid=\"false\" name=\"your-message\"><\/textarea><\/span>\n<\/p>\n<p><input class=\"wpcf7-form-control wpcf7-submit has-spinner\" type=\"submit\" value=\"Envoyer\" \/>\n<\/p><p style=\"display: none !important;\" class=\"akismet-fields-container\" data-prefix=\"_wpcf7_ak_\"><label>&#916;<textarea name=\"_wpcf7_ak_hp_textarea\" cols=\"45\" rows=\"8\" maxlength=\"100\"><\/textarea><\/label><input type=\"hidden\" id=\"ak_js_1\" name=\"_wpcf7_ak_js\" value=\"58\"\/><script>document.getElementById( \"ak_js_1\" ).setAttribute( \"value\", ( new Date() ).getTime() );<\/script><\/p><div class=\"wpcf7-response-output\" aria-hidden=\"true\"><\/div>\n<\/form>\n<\/div>\n\n","protected":false},"excerpt":{"rendered":"<p>Le son de la contrebasse donnera \u00e0 votre musique une nouvelle dimension d&rsquo;une mani\u00e8re unique. Des sons et des textures riches peuvent \u00eatre ajout\u00e9s \u00e0 votre morceau. Je vais devenir votre contrebassiste pour votre oeuvre par ce service de l&rsquo;enregistrement \u00e0 distance. Voici comment cela fonctionne. Vous m&rsquo;envoyez des fichiers WAV de la musique (id\u00e9alement, des stems st\u00e9r\u00e9o s\u00e9par\u00e9s des principaux instruments &#8211; batterie, basse, guitares, claviers, voix, etc.) ainsi que le \u00ab\u00a0Lead Sheet\u00a0\u00bb ou\/et la \u00ab\u00a0Grille d\u00a0\u00bbaccords\u00a0\u00bb ou\/et le fichier \u00ab\u00a0MIDI\u00a0\u00bb. Et des partitions et\/ou des fichiers WAV et\/ou MIDI comme esquisses pour la partie de contrebasse si vous avez d\u00e9j\u00e0 quelques id\u00e9es. Et nous discutons des id\u00e9es sur<\/p>\n","protected":false},"author":1,"featured_media":0,"parent":828,"menu_order":0,"comment_status":"closed","ping_status":"closed","template":"","meta":{"footnotes":""},"class_list":["post-851","page","type-page","status-publish","hentry"],"aioseo_notices":[],"_links":{"self":[{"href":"http:\/\/kentarosuzuki.com\/fr\/index.php?rest_route=\/wp\/v2\/pages\/851","targetHints":{"allow":["GET"]}}],"collection":[{"href":"http:\/\/kentarosuzuki.com\/fr\/index.php?rest_route=\/wp\/v2\/pages"}],"about":[{"href":"http:\/\/kentarosuzuki.com\/fr\/index.php?rest_route=\/wp\/v2\/types\/page"}],"author":[{"embeddable":true,"href":"http:\/\/kentarosuzuki.com\/fr\/index.php?rest_route=\/wp\/v2\/users\/1"}],"replies":[{"embeddable":true,"href":"http:\/\/kentarosuzuki.com\/fr\/index.php?rest_route=%2Fwp%2Fv2%2Fcomments&post=851"}],"version-history":[{"count":2,"href":"http:\/\/kentarosuzuki.com\/fr\/index.php?rest_route=\/wp\/v2\/pages\/851\/revisions"}],"predecessor-version":[{"id":854,"href":"http:\/\/kentarosuzuki.com\/fr\/index.php?rest_route=\/wp\/v2\/pages\/851\/revisions\/854"}],"up":[{"embeddable":true,"href":"http:\/\/kentarosuzuki.com\/fr\/index.php?rest_route=\/wp\/v2\/pages\/828"}],"wp:attachment":[{"href":"http:\/\/kentarosuzuki.com\/fr\/index.php?rest_route=%2Fwp%2Fv2%2Fmedia&parent=851"}],"curies":[{"name":"wp","href":"https:\/\/api.w.org\/{rel}","templated":true}]}}